{"id":4,"date":"2017-05-10T14:26:55","date_gmt":"2017-05-10T12:26:55","guid":{"rendered":"http:\/\/playark.dk\/?page_id=4"},"modified":"2025-09-05T21:16:10","modified_gmt":"2025-09-05T19:16:10","slug":"server-settings","status":"publish","type":"page","link":"https:\/\/playark.dk\/?page_id=4","title":{"rendered":"Server Settings"},"content":{"rendered":"\n<div class=\"wp-block-columns is-layout-flex wp-container-core-columns-is-layout-9d6595d7 wp-block-columns-is-layout-flex\">\n<div class=\"wp-block-column is-layout-flow wp-block-column-is-layout-flow\" style=\"flex-basis:100%\">\n<p>Her kan du l\u00e6se de settings, som PT er opsat og aktive p\u00e5 serveren.<\/p>\n<p><strong>Rates<\/strong>: XP, taming, harvest, stack size, spoiling, natl\u00e6ngde, water drain. <br \/><strong>Sv\u00e6rhedsgrad:<\/strong> &#8211; Max lvl 150 wild dinos.<br \/><strong>QoL:<\/strong> 3rd person, crosshair, map location, structure pickup m.m. <br \/><strong>PVE\/PVP regler:<\/strong> PVE sl\u00e5et til, friendly fire sl\u00e5et fra, offline PVP beskyttelse, forbud mod upload\/download.<\/p>\n<p>&#8212;&#8212;&#8212;&#8212;&#8212;&#8212;&#8211;<br \/><strong>GameUserSettings.ini<\/strong><br \/>&#8212;&#8212;&#8212;&#8212;&#8212;&#8212;&#8211;<\/p>\n<p>NightTimeSpeedScale=2<br \/>XPMultiplier=1<br \/>TamingSpeedMultiplier=5<br \/>HarvestAmountMultiplier=2<br \/>HarvestHealthMultiplier=2<br \/>ItemStackSizeMultiplier=3<br \/>GlobalSpoilingTimeMultiplier=4<br \/>PlayerCharacterWaterDrainMultiplier=0.5<br \/>OverrideOfficialDifficulty=5 (Maks vilde dinos level 120)<br \/>ServerPVE=True<br \/>ShowMapPlayerLocation=True<br \/>AllowThirdPersonPlayer=True<br \/>ServerCrosshair=True<br \/>AlwaysAllowStructurePickup=True<br \/>AllowHideDamageSourceFromLogs=True<br \/>PreventSpawnAnimations=True<br \/>bDisableFriendlyFire=True<br \/>bPvEDisableFriendlyFire=False<br \/>PreventOfflinePvP=True<br \/>PreventOfflinePvPInterval=600<br \/>NoTributeDownloads=True<br \/>PreventDownloadDinos=True<br \/>PreventDownloadItems=True<br \/>PreventDownloadSurvivors=True<br \/>PreventUploadDinos=True<br \/>PreventUploadItems=True<br \/>PreventUploadSurvivors=True<br \/>KickIdlePlayersPeriod=3600<\/p>\n<p>&#8212;&#8212;&#8212;&#8212;&#8212;&#8212;&#8211;<br \/><strong>Game.ini<\/strong><br \/>&#8212;&#8212;&#8212;&#8212;&#8212;&#8212;&#8211;<br \/>DisableFriendlyFire=True<br \/>PvEDisableFriendlyFire=True<br \/>HarvestAmountMultiplier=2<br \/>GlobalSpoilingTimeMultiplier=3<br \/>GlobalItemDecompositionTimeMultiplier=3<br \/>GlobalCorpseDecompositionTimeMultiplier=3<br \/>ResourceNoReplenishRadiusPlayers=1<br \/>ResourceNoReplenishRadiusStructures=1<br \/>MatingIntervalMultiplier=2<br \/>EggHatchSpeedMultiplier=5<br \/>BabyMatureSpeedMultiplier=5<br \/>BossKillXPMultiplier=3<br \/>AlphaKillXPMultiplier=2<br \/>TamedKillXPMultiplier=0 (helt fjernet XP for kills lavet af tames)<br \/>UnclaimedKillXPMultiplier=1<br \/>WildKillXPMultiplier=1.25<br \/>SpecialXPMultiplier=1<br \/>HarvestXPMultiplier=1<br \/>KillXPMultiplier=1<br \/>GenericXPMultiplier=1<br \/>ExplorerNoteXPMultiplier=3<br \/>CraftXPMultiplier=1<br \/>CaveKillXPMultiplier=1<\/p>\n<p>Ressourcer:<br \/>Chitin, Crystal, Fibers, Flint, Hide, Keratin, Metal, Obsidian, Rare Flower, Rare Mushroom, Silicon, Wood, Thatch, Berries = 2<br \/>Narkob\u00e6r = 3<br \/>Oil, Stone = 3<\/p>\n<p>&#8212;&#8212;&#8212;&#8212;&#8212;&#8212;&#8211;<br \/><strong>Mods<\/strong><br \/>&#8212;&#8212;&#8212;&#8212;&#8212;&#8212;&#8211;<br \/>Vanilla &#8230;. endnu \ud83d\ude42\u00a0<\/p>\n<\/div>\n<\/div>\n","protected":false},"excerpt":{"rendered":"<p>Her kan du l\u00e6se de settings, som PT er opsat og aktive p\u00e5 serveren. Rates: XP, taming, harvest, stack size, spoiling, natl\u00e6ngde, water drain. Sv\u00e6rhedsgrad: &#8211; Max lvl 150 wild dinos.QoL: 3rd person, crosshair, map location, structure pickup m.m. PVE\/PVP regler: PVE sl\u00e5et til, friendly fire sl\u00e5et fra, offline PVP beskyttelse, forbud mod upload\/download. &#8212;&#8212;&#8212;&#8212;&#8212;&#8212;&#8211;GameUserSettings.ini&#8212;&#8212;&#8212;&#8212;&#8212;&#8212;&#8211; [&hellip;]<\/p>\n","protected":false},"author":1,"featured_media":0,"parent":0,"menu_order":0,"comment_status":"closed","ping_status":"closed","template":"","meta":{"footnotes":""},"class_list":["post-4","page","type-page","status-publish","hentry"],"_links":{"self":[{"href":"https:\/\/playark.dk\/index.php?rest_route=\/wp\/v2\/pages\/4","targetHints":{"allow":["GET"]}}],"collection":[{"href":"https:\/\/playark.dk\/index.php?rest_route=\/wp\/v2\/pages"}],"about":[{"href":"https:\/\/playark.dk\/index.php?rest_route=\/wp\/v2\/types\/page"}],"author":[{"embeddable":true,"href":"https:\/\/playark.dk\/index.php?rest_route=\/wp\/v2\/users\/1"}],"replies":[{"embeddable":true,"href":"https:\/\/playark.dk\/index.php?rest_route=%2Fwp%2Fv2%2Fcomments&post=4"}],"version-history":[{"count":12,"href":"https:\/\/playark.dk\/index.php?rest_route=\/wp\/v2\/pages\/4\/revisions"}],"predecessor-version":[{"id":114,"href":"https:\/\/playark.dk\/index.php?rest_route=\/wp\/v2\/pages\/4\/revisions\/114"}],"wp:attachment":[{"href":"https:\/\/playark.dk\/index.php?rest_route=%2Fwp%2Fv2%2Fmedia&parent=4"}],"curies":[{"name":"wp","href":"https:\/\/api.w.org\/{rel}","templated":true}]}}